{"id":1016,"date":"2022-11-03T12:22:00","date_gmt":"2022-11-03T15:22:00","guid":{"rendered":"https:\/\/bureau.4.228.65.65.nip.io\/?page_id=1016"},"modified":"2026-01-29T15:30:45","modified_gmt":"2026-01-29T18:30:45","slug":"public-panel","status":"publish","type":"page","link":"https:\/\/bureau.coop.br\/index.php\/public-panel\/","title":{"rendered":"Public-panel"},"content":{"rendered":"<p>[et_pb_section fb_built=&#8221;1&#8243; disabled_on=&#8221;off|off|off&#8221; admin_label=&#8221;Section&#8221; _builder_version=&#8221;4.24.0&#8243; _module_preset=&#8221;default&#8221; background_color=&#8221;rgba(109,109,109,0)&#8221; background_image=&#8221;https:\/\/bureau.coop.br\/wp-content\/uploads\/sites\/4\/2025\/04\/bkg_n_red.png&#8221; positioning=&#8221;none&#8221; overflow-x=&#8221;auto&#8221; custom_padding=&#8221;0px||0px||false|false&#8221; overflow-x_last_edited=&#8221;off|desktop&#8221; overflow-y_tablet=&#8221;&#8221; overflow-y_phone=&#8221;auto&#8221; overflow-y_last_edited=&#8221;on|phone&#8221; global_colors_info=&#8221;{}&#8221;][et_pb_row use_custom_gutter=&#8221;on&#8221; gutter_width=&#8221;1&#8243; disabled_on=&#8221;off|off|off&#8221; _builder_version=&#8221;4.24.0&#8243; _module_preset=&#8221;default&#8221; background_color=&#8221;RGBA(255,255,255,0)&#8221; background_enable_image=&#8221;off&#8221; width=&#8221;100%&#8221; custom_margin=&#8221;0px|auto||auto|false|false&#8221; custom_padding=&#8221;0px||0px||false|false&#8221; global_colors_info=&#8221;{}&#8221;][et_pb_column type=&#8221;4_4&#8243; _builder_version=&#8221;4.19.0&#8243; _module_preset=&#8221;default&#8221; global_colors_info=&#8221;{}&#8221;][et_pb_image src=&#8221;https:\/\/bureau.coop.br\/wp-content\/uploads\/sites\/4\/2022\/12\/feedback-v.png&#8221; title_text=&#8221;feedback-v&#8221; url=&#8221;#feedback&#8221; _builder_version=&#8221;4.24.0&#8243; _module_preset=&#8221;default&#8221; positioning=&#8221;fixed&#8221; position_origin_f=&#8221;center_left&#8221; horizontal_offset=&#8221;-2px&#8221; z_index=&#8221;100&#8243; global_colors_info=&#8221;{}&#8221;][\/et_pb_image][et_pb_code raw_content_tablet=&#8221;<\/p>\n<div style=%22position:relative; padding-bottom:56.25%; height:0; overflow:hidden;%22>\n  <iframe \n    src=%22https:\/\/app.powerbi.com\/view?r=eyJrIjoiY2FjZmQwM2QtZTk1ZC00OWZlLWFjM2UtOTNjZWNmZWI4NjQ3IiwidCI6IjdjNjI2MTYxLTNiYTQtNDBkYy1iN2QyLTBkZjZjM2EwOGQxOSJ9%22\n    style=%22position:absolute; top:0; left:0; width:100%; height:100%; border:0;%22 \n    allowfullscreen><br \/>\n  <\/iframe>\n<\/div>\n<p>&#8221; raw_content_phone=&#8221;<\/p>\n<div style=%22position:relative; padding-bottom:56.25%; height:0; overflow:hidden;%22>\n  <iframe \n    src=%22https:\/\/app.powerbi.com\/view?r=eyJrIjoiY2FjZmQwM2QtZTk1ZC00OWZlLWFjM2UtOTNjZWNmZWI4NjQ3IiwidCI6IjdjNjI2MTYxLTNiYTQtNDBkYy1iN2QyLTBkZjZjM2EwOGQxOSJ9%22\n    style=%22position:absolute; top:0; left:0; width:100%; height:100%; border:0;%22 \n    allowfullscreen><br \/>\n  <\/iframe>\n<\/div>\n<p>&#8221; raw_content_last_edited=&#8221;on|desktop&#8221; admin_label=&#8221;C\u00f3digo&#8221; _builder_version=&#8221;4.24.0&#8243; _module_preset=&#8221;default&#8221; text_orientation=&#8221;center&#8221; width=&#8221;100%&#8221; max_width=&#8221;100%&#8221; module_alignment=&#8221;center&#8221; min_height=&#8221;228.1px&#8221; custom_margin=&#8221;0px||0px||false|false&#8221; custom_padding=&#8221;||0px||false|false&#8221; hover_enabled=&#8221;0&#8243; dsm_modules_popup=&#8221;on&#8221; dsm_modules_popup_library=&#8221;2422&#8243; global_colors_info=&#8221;{}&#8221; height__hover_enabled=&#8221;on|desktop&#8221; sticky_enabled=&#8221;0&#8243;] <style>\n       .errordiv { padding:10px; margin:10px; border: 1px solid #555555;color: #000000;background-color: #f8f8f8; width:500px; }#advanced_iframe {visibility:visible;opacity:1;vertical-align:top;}.ai-info-bottom-iframe { position: fixed; z-index: 10000; bottom:0; left: 0; margin: 0px; text-align: center; width: 100%; background-color: #ff9999; padding-left: 5px;padding-bottom: 5px; border-top: 1px solid #aaa } a.ai-bold {font-weight: bold;}#ai-layer-div-advanced_iframe p {height:100%;margin:0;padding:0}<\/style><script type=\"text\/javascript\">var ai_iframe_width_advanced_iframe = 0;var ai_iframe_height_advanced_iframe = 0;function aiReceiveMessageadvanced_iframe(event) {  aiProcessMessage(event,\"advanced_iframe\", \"true\");}if (window.addEventListener) {  window.addEventListener(\"message\", aiReceiveMessageadvanced_iframe);} else if (el.attachEvent)  {  el.attachEvent(\"message\", aiReceiveMessageadvanced_iframe);}var aiOnloadScrollTop=\"true\";var aiShowDebug=false;\n\t\tif (typeof aiReadyCallbacks === 'undefined') {\n\t\t\tvar aiReadyCallbacks = [];\n\t\t} else if (!(aiReadyCallbacks instanceof Array)) {\n\t\t\tvar aiReadyCallbacks = [];\n\t\t}    function aiShowIframeId(id_iframe) { jQuery(\"#\"+id_iframe).css(\"visibility\", \"visible\");    }    function aiResizeIframeHeight(height) { aiResizeIframeHeight(height,advanced_iframe); }    function aiResizeIframeHeightId(height,width,id) {aiResizeIframeHeightById(id,height);}<\/script><iframe id=\"advanced_iframe\"  name=\"advanced_iframe\"  src=\"https:\/\/app.powerbi.com\/view?r=eyJrIjoiY2FjZmQwM2QtZTk1ZC00OWZlLWFjM2UtOTNjZWNmZWI4NjQ3IiwidCI6IjdjNjI2MTYxLTNiYTQtNDBkYy1iN2QyLTBkZjZjM2EwOGQxOSJ9\"  width=\"1920\"  height=\"1080\"  frameborder=\"0\"  border=\"0\"  allowtransparency=\"true\"  loading=\"lazy\"  title=\"BureauCoop_Produ\u00e7\u00e3o_Setembro_2025\"  style=\";border-width: 0px;;border: none;;width:1920px;height:1080px;\"  allowfullscreen ><\/iframe><script type=\"text\/javascript\">var ifrm_advanced_iframe = document.getElementById(\"advanced_iframe\");var hiddenTabsDoneadvanced_iframe = false;\nfunction resizeCallbackadvanced_iframe() {}<\/script><script type=\"text\/javascript\"><\/script><p style=\"display:block !important; visibility:visible !important;margin: -18px 14px 0 0;padding-left: 3px;padding-top:3px;background: white; overflow: hidden; position: relative; line-height:15px;width: fit-content;\"><small style=\"display:block !important;visibility:visible !important\">powered by Advanced iFrame<\/small><\/p>[\/et_pb_code][\/et_pb_column][\/et_pb_row][\/et_pb_section][et_pb_section fb_built=&#8221;1&#8243; disabled_on=&#8221;off|off|off&#8221; module_id=&#8221;feedback&#8221; _builder_version=&#8221;4.24.0&#8243; _module_preset=&#8221;default&#8221; background_image=&#8221;https:\/\/bureau.coop.br\/wp-content\/uploads\/sites\/4\/2025\/04\/Bkg_Geral.png&#8221; min_height=&#8221;822.1px&#8221; custom_margin=&#8221;14px||-12px||false|false&#8221; custom_padding=&#8221;42px||50px|||&#8221; global_colors_info=&#8221;{}&#8221;][et_pb_row _builder_version=&#8221;4.19.0&#8243; _module_preset=&#8221;default&#8221; custom_margin=&#8221;-16px|auto||auto|false|false&#8221; custom_padding=&#8221;8px||27px||false|false&#8221; global_colors_info=&#8221;{}&#8221;][et_pb_column type=&#8221;4_4&#8243; _builder_version=&#8221;4.19.0&#8243; _module_preset=&#8221;default&#8221; global_colors_info=&#8221;{}&#8221;][et_pb_text module_id=&#8221;feedback&#8221; _builder_version=&#8221;4.19.0&#8243; _module_preset=&#8221;default&#8221; text_font=&#8221;Calibri Ligth||||||||&#8221; text_text_color=&#8221;#FFFFFF&#8221; text_font_size=&#8221;20px&#8221; text_line_height=&#8221;1em&#8221; min_height=&#8221;288px&#8221; custom_padding=&#8221;20px||0px|||&#8221; inline_fonts=&#8221;Calibri,Calibri Ligth&#8221; global_colors_info=&#8221;{}&#8221;]<\/p>\n<p><span style=\"font-size: large; font-family: inherit; font-weight: normal;\"><strong>Caso esteja utilizando um dispositivo m\u00f3vel, recomenda-se posicionar o aparelho na horizontal para melhor\u00a0experi\u00eancia.<\/strong><\/span><\/p>\n<p><span style=\"font-family: inherit; font-weight: normal; font-size: x-large;\"><\/span><\/p>\n<p><strong><span style=\"font-family: inherit; font-size: x-large;\">Seu Feedback faz a diferen\u00e7a!<\/span><\/strong><\/p>\n<p><span style=\"font-size: large; font-family: inherit; font-weight: normal;\">Caso tenha encontrado alguma dificuldade, n\u00e3o tenha localizado o que buscava ou queira sugerir melhorias, compartilhe seu feedback conosco.<\/span><\/p>\n<p><span style=\"font-size: large; font-family: inherit; font-weight: normal;\">Suas observa\u00e7\u00f5es s\u00e3o fundamentais para aprimorar o Bureaucoop.<\/span><\/p>\n<p>[\/et_pb_text][et_pb_contact_form email=&#8221;bureaucoop@confebras.coop.br&#8221; success_message=&#8221;A Confebras agradece o seu contato! Entraremos em contato o mais breve poss\u00edvel!&#8221; _builder_version=&#8221;4.19.0&#8243; _module_preset=&#8221;default&#8221; _unique_id=&#8221;bb6e4a10-c5a4-4450-95e2-083808aff4ff&#8221; form_field_background_color=&#8221;rgba(7,0,25,0.32)&#8221; form_field_text_color=&#8221;#FFFFFF&#8221; form_field_focus_background_color=&#8221;rgba(26,0,45,0.38)&#8221; title_font=&#8221;Calibri||||||||&#8221; title_text_color=&#8221;#FFFFFF&#8221; title_font_size=&#8221;36px&#8221; captcha_font=&#8221;Calibri||||||||&#8221; captcha_text_color=&#8221;#FFFFFF&#8221; captcha_font_size=&#8221;16px&#8221; form_field_font=&#8221;Calibri||||||||&#8221; form_field_font_size=&#8221;18px&#8221; custom_button=&#8221;on&#8221; button_text_color=&#8221;#b700f4&#8243; button_font=&#8221;Calibri|800|||||||&#8221; custom_margin=&#8221;-8px|||||&#8221; border_radii=&#8221;on|7px|7px|7px|7px&#8221; global_colors_info=&#8221;{}&#8221;][et_pb_contact_field field_id=&#8221;Name&#8221; field_title=&#8221;Nome&#8221; _builder_version=&#8221;4.19.0&#8243; form_field_background_color=&#8221;rgba(26,0,45,0.38)&#8221; form_field_focus_background_color=&#8221;rgba(26,0,45,0.38)&#8221; form_field_focus_text_color=&#8221;#FFFFFF&#8221; global_colors_info=&#8221;{}&#8221; button_text_size__hover_enabled=&#8221;off&#8221; button_one_text_size__hover_enabled=&#8221;off&#8221; button_two_text_size__hover_enabled=&#8221;off&#8221; button_text_color__hover_enabled=&#8221;off&#8221; button_one_text_color__hover_enabled=&#8221;off&#8221; button_two_text_color__hover_enabled=&#8221;off&#8221; button_border_width__hover_enabled=&#8221;off&#8221; button_one_border_width__hover_enabled=&#8221;off&#8221; button_two_border_width__hover_enabled=&#8221;off&#8221; button_border_color__hover_enabled=&#8221;off&#8221; button_one_border_color__hover_enabled=&#8221;off&#8221; button_two_border_color__hover_enabled=&#8221;off&#8221; button_border_radius__hover_enabled=&#8221;off&#8221; button_one_border_radius__hover_enabled=&#8221;off&#8221; button_two_border_radius__hover_enabled=&#8221;off&#8221; button_letter_spacing__hover_enabled=&#8221;off&#8221; button_one_letter_spacing__hover_enabled=&#8221;off&#8221; button_two_letter_spacing__hover_enabled=&#8221;off&#8221; button_bg_color__hover_enabled=&#8221;off&#8221; button_one_bg_color__hover_enabled=&#8221;off&#8221; button_two_bg_color__hover_enabled=&#8221;off&#8221;][\/et_pb_contact_field][et_pb_contact_field field_id=&#8221;Email&#8221; field_title=&#8221;E-mail&#8221; field_type=&#8221;email&#8221; _builder_version=&#8221;4.19.0&#8243; form_field_text_color=&#8221;#FFFFFF&#8221; form_field_focus_text_color=&#8221;#FFFFFF&#8221; global_colors_info=&#8221;{}&#8221; button_text_size__hover_enabled=&#8221;off&#8221; button_one_text_size__hover_enabled=&#8221;off&#8221; button_two_text_size__hover_enabled=&#8221;off&#8221; button_text_color__hover_enabled=&#8221;off&#8221; button_one_text_color__hover_enabled=&#8221;off&#8221; button_two_text_color__hover_enabled=&#8221;off&#8221; button_border_width__hover_enabled=&#8221;off&#8221; button_one_border_width__hover_enabled=&#8221;off&#8221; button_two_border_width__hover_enabled=&#8221;off&#8221; button_border_color__hover_enabled=&#8221;off&#8221; button_one_border_color__hover_enabled=&#8221;off&#8221; button_two_border_color__hover_enabled=&#8221;off&#8221; button_border_radius__hover_enabled=&#8221;off&#8221; button_one_border_radius__hover_enabled=&#8221;off&#8221; button_two_border_radius__hover_enabled=&#8221;off&#8221; button_letter_spacing__hover_enabled=&#8221;off&#8221; button_one_letter_spacing__hover_enabled=&#8221;off&#8221; button_two_letter_spacing__hover_enabled=&#8221;off&#8221; button_bg_color__hover_enabled=&#8221;off&#8221; button_one_bg_color__hover_enabled=&#8221;off&#8221; button_two_bg_color__hover_enabled=&#8221;off&#8221;][\/et_pb_contact_field][et_pb_contact_field field_id=&#8221;Message&#8221; field_title=&#8221;Como podemos melhorar?&#8221; field_type=&#8221;text&#8221; fullwidth_field=&#8221;on&#8221; _builder_version=&#8221;4.19.0&#8243; form_field_text_color=&#8221;#FFFFFF&#8221; form_field_focus_text_color=&#8221;#FFFFFF&#8221; global_colors_info=&#8221;{}&#8221; button_text_size__hover_enabled=&#8221;off&#8221; button_one_text_size__hover_enabled=&#8221;off&#8221; button_two_text_size__hover_enabled=&#8221;off&#8221; button_text_color__hover_enabled=&#8221;off&#8221; button_one_text_color__hover_enabled=&#8221;off&#8221; button_two_text_color__hover_enabled=&#8221;off&#8221; button_border_width__hover_enabled=&#8221;off&#8221; button_one_border_width__hover_enabled=&#8221;off&#8221; button_two_border_width__hover_enabled=&#8221;off&#8221; button_border_color__hover_enabled=&#8221;off&#8221; button_one_border_color__hover_enabled=&#8221;off&#8221; button_two_border_color__hover_enabled=&#8221;off&#8221; button_border_radius__hover_enabled=&#8221;off&#8221; button_one_border_radius__hover_enabled=&#8221;off&#8221; button_two_border_radius__hover_enabled=&#8221;off&#8221; button_letter_spacing__hover_enabled=&#8221;off&#8221; button_one_letter_spacing__hover_enabled=&#8221;off&#8221; button_two_letter_spacing__hover_enabled=&#8221;off&#8221; button_bg_color__hover_enabled=&#8221;off&#8221; button_one_bg_color__hover_enabled=&#8221;off&#8221; button_two_bg_color__hover_enabled=&#8221;off&#8221;][\/et_pb_contact_field][\/et_pb_contact_form][et_pb_divider color=&#8221;rgba(255,255,255,0.28)&#8221; _builder_version=&#8221;4.19.0&#8243; _module_preset=&#8221;default&#8221; custom_margin=&#8221;-30px||-19px||false|false&#8221; custom_padding=&#8221;3px||0px||false|false&#8221; global_colors_info=&#8221;{}&#8221;][\/et_pb_divider][\/et_pb_column][\/et_pb_row][et_pb_row column_structure=&#8221;1_2,1_2&#8243; _builder_version=&#8221;4.19.0&#8243; _module_preset=&#8221;default&#8221; width=&#8221;30.7%&#8221; module_alignment=&#8221;center&#8221; custom_margin=&#8221;-15px|auto||auto||&#8221; custom_padding=&#8221;3px||4px|||&#8221; global_colors_info=&#8221;{}&#8221;][et_pb_column type=&#8221;1_2&#8243; _builder_version=&#8221;4.19.0&#8243; _module_preset=&#8221;default&#8221; global_colors_info=&#8221;{}&#8221;][et_pb_image src=&#8221;https:\/\/bureau.coop.br\/wp-content\/uploads\/sites\/4\/2022\/11\/confebras-branca.png&#8221; title_text=&#8221;confebras branca&#8221; url=&#8221;https:\/\/www.confebras.coop.br\/&#8221; url_new_window=&#8221;on&#8221; align=&#8221;center&#8221; _builder_version=&#8221;4.19.0&#8243; _module_preset=&#8221;default&#8221; width=&#8221;100%&#8221; max_width=&#8221;50%&#8221; module_alignment=&#8221;center&#8221; global_colors_info=&#8221;{}&#8221;][\/et_pb_image][\/et_pb_column][et_pb_column type=&#8221;1_2&#8243; _builder_version=&#8221;4.19.0&#8243; _module_preset=&#8221;default&#8221; global_colors_info=&#8221;{}&#8221;][et_pb_image src=&#8221;https:\/\/bureau.coop.br\/wp-content\/uploads\/sites\/4\/2022\/12\/BureauCoop-White.png&#8221; title_text=&#8221;BureauCoop-White&#8221; align=&#8221;center&#8221; _builder_version=&#8221;4.19.0&#8243; _module_preset=&#8221;default&#8221; max_width=&#8221;60%&#8221; module_alignment=&#8221;center&#8221; global_colors_info=&#8221;{}&#8221;][\/et_pb_image][\/et_pb_column][\/et_pb_row][et_pb_row use_custom_gutter=&#8221;on&#8221; gutter_width=&#8221;1&#8243; _builder_version=&#8221;4.19.0&#8243; _module_preset=&#8221;default&#8221; max_width=&#8221;2560px&#8221; custom_margin=&#8221;-9px|auto|-9px|auto|false|false&#8221; custom_padding=&#8221;0px||0px|||&#8221; locked=&#8221;off&#8221; global_colors_info=&#8221;{}&#8221;][et_pb_column type=&#8221;4_4&#8243; _builder_version=&#8221;4.19.0&#8243; _module_preset=&#8221;default&#8221; global_colors_info=&#8221;{}&#8221;][et_pb_text _builder_version=&#8221;4.19.0&#8243; _module_preset=&#8221;default&#8221; custom_margin=&#8221;0px||||false|false&#8221; custom_padding=&#8221;11px||7px||false|false&#8221; global_colors_info=&#8221;{}&#8221;][\/et_pb_text][et_pb_text _builder_version=&#8221;4.19.0&#8243; _module_preset=&#8221;default&#8221; text_font=&#8221;Calibri||||||||&#8221; text_text_color=&#8221;rgba(255,255,255,0.54)&#8221; text_font_size=&#8221;16px&#8221; text_line_height=&#8221;1em&#8221; text_orientation=&#8221;center&#8221; global_colors_info=&#8221;{}&#8221;]<\/p>\n<p>O BureauCoop \u00e9 um produto da Confebras &#8211; Confedera\u00e7\u00e3o Brasileira das Cooperativas de Cr\u00e9dito.<\/p>\n<p>bureaucoop@confebras.coop.br\u00a0 |\u00a0 +55 61 3035-0957\u00a0 |\u00a0 www.confebras.coop.br<\/p>\n<p>[\/et_pb_text][\/et_pb_column][\/et_pb_row][\/et_pb_section]<\/p>\n","protected":false},"excerpt":{"rendered":"<p><style>\n       .errordiv { padding:10px; margin:10px; border: 1px solid #555555;color: #000000;background-color: #f8f8f8; width:500px; }#advanced_iframe_2 {visibility:visible;opacity:1;vertical-align:top;}.ai-info-bottom-iframe { position: fixed; z-index: 10000; bottom:0; left: 0; margin: 0px; text-align: center; width: 100%; background-color: #ff9999; padding-left: 5px;padding-bottom: 5px; border-top: 1px solid #aaa } a.ai-bold {font-weight: bold;}#ai-layer-div-advanced_iframe_2 p {height:100%;margin:0;padding:0}<\/style><script type=\"text\/javascript\">var ai_iframe_width_advanced_iframe_2 = 0;var ai_iframe_height_advanced_iframe_2 = 0;function aiReceiveMessageadvanced_iframe_2(event) {  aiProcessMessage(event,\"advanced_iframe_2\", \"true\");}if (window.addEventListener) {  window.addEventListener(\"message\", aiReceiveMessageadvanced_iframe_2);} else if (el.attachEvent)  {  el.attachEvent(\"message\", aiReceiveMessageadvanced_iframe_2);}var aiOnloadScrollTop=\"true\";var aiShowDebug=false;\n\t\tif (typeof aiReadyCallbacks === 'undefined') {\n\t\t\tvar aiReadyCallbacks = [];\n\t\t} else if (!(aiReadyCallbacks instanceof Array)) {\n\t\t\tvar aiReadyCallbacks = [];\n\t\t}    function aiShowIframeId(id_iframe) { jQuery(\"#\"+id_iframe).css(\"visibility\", \"visible\");    }    function aiResizeIframeHeight(height) { aiResizeIframeHeight(height,advanced_iframe_2); }    function aiResizeIframeHeightId(height,width,id) {aiResizeIframeHeightById(id,height);}<\/script><iframe id=\"advanced_iframe_2\"  name=\"advanced_iframe_2\"  src=\"https:\/\/app.powerbi.com\/view?r=eyJrIjoiY2FjZmQwM2QtZTk1ZC00OWZlLWFjM2UtOTNjZWNmZWI4NjQ3IiwidCI6IjdjNjI2MTYxLTNiYTQtNDBkYy1iN2QyLTBkZjZjM2EwOGQxOSJ9\"  width=\"1920\"  height=\"1080\"  frameborder=\"0\"  border=\"0\"  allowtransparency=\"true\"  loading=\"lazy\"  title=\"BureauCoop_Produ\u00e7\u00e3o_Setembro_2025\"  style=\";border-width: 0px;;border: none;;width:1920px;height:1080px;\"  allowfullscreen ><\/iframe><script type=\"text\/javascript\">var ifrm_advanced_iframe_2 = document.getElementById(\"advanced_iframe_2\");var hiddenTabsDoneadvanced_iframe_2 = false;\nfunction resizeCallbackadvanced_iframe_2() {}<\/script><script type=\"text\/javascript\"><\/script><p style=\"display:block !important; visibility:visible !important;margin: -18px 14px 0 0;padding-left: 3px;padding-top:3px;background: white; overflow: hidden; position: relative; line-height:15px;width: fit-content;\"><small style=\"display:block !important;visibility:visible !important\">powered by Advanced iFrame<\/small><\/p>Caso esteja utilizando um dispositivo m\u00f3vel, recomenda-se posicionar o aparelho na horizontal para melhor\u00a0experi\u00eancia. Seu Feedback faz a diferen\u00e7a! Caso tenha encontrado alguma dificuldade, n\u00e3o tenha localizado o que buscava ou queira sugerir melhorias, compartilhe seu feedback conosco. Suas observa\u00e7\u00f5es s\u00e3o fundamentais para aprimorar o Bureaucoop.O BureauCoop \u00e9 um produto da Confebras &#8211; Confedera\u00e7\u00e3o Brasileira das Cooperativas de Cr\u00e9dito. bureaucoop@confebras.coop.br\u00a0 |\u00a0 +55 61 3035-0957\u00a0 |\u00a0 www.confebras.coop.br<\/p>\n","protected":false},"author":65,"featured_media":0,"parent":0,"menu_order":0,"comment_status":"closed","ping_status":"closed","template":"","meta":{"_et_pb_use_builder":"on","_et_pb_old_content":"","_et_gb_content_width":"","footnotes":""},"class_list":["post-1016","page","type-page","status-publish","hentry"],"_links":{"self":[{"href":"https:\/\/bureau.coop.br\/index.php\/wp-json\/wp\/v2\/pages\/1016","targetHints":{"allow":["GET"]}}],"collection":[{"href":"https:\/\/bureau.coop.br\/index.php\/wp-json\/wp\/v2\/pages"}],"about":[{"href":"https:\/\/bureau.coop.br\/index.php\/wp-json\/wp\/v2\/types\/page"}],"author":[{"embeddable":true,"href":"https:\/\/bureau.coop.br\/index.php\/wp-json\/wp\/v2\/users\/65"}],"replies":[{"embeddable":true,"href":"https:\/\/bureau.coop.br\/index.php\/wp-json\/wp\/v2\/comments?post=1016"}],"version-history":[{"count":122,"href":"https:\/\/bureau.coop.br\/index.php\/wp-json\/wp\/v2\/pages\/1016\/revisions"}],"predecessor-version":[{"id":2827,"href":"https:\/\/bureau.coop.br\/index.php\/wp-json\/wp\/v2\/pages\/1016\/revisions\/2827"}],"wp:attachment":[{"href":"https:\/\/bureau.coop.br\/index.php\/wp-json\/wp\/v2\/media?parent=1016"}],"curies":[{"name":"wp","href":"https:\/\/api.w.org\/{rel}","templated":true}]}}