{"id":1025,"date":"2022-11-03T12:42:25","date_gmt":"2022-11-03T15:42:25","guid":{"rendered":"https:\/\/bureau.4.228.65.65.nip.io\/?page_id=1025"},"modified":"2025-03-25T11:17:29","modified_gmt":"2025-03-25T14:17:29","slug":"cadastro-rd","status":"publish","type":"page","link":"https:\/\/bureau.coop.br\/index.php\/cadastro-rd\/","title":{"rendered":"cadastro-rd"},"content":{"rendered":"<p>[et_pb_section fb_built=&#8221;1&#8243; _builder_version=&#8221;4.19.0&#8243; _module_preset=&#8221;default&#8221; background_image=&#8221;https:\/\/bureau.coop.br\/wp-content\/uploads\/sites\/4\/2022\/12\/footer-contato-feedback.png&#8221; custom_margin=&#8221;-5px||||false|false&#8221; custom_padding=&#8221;50px||70px|||&#8221; locked=&#8221;off&#8221; global_colors_info=&#8221;{}&#8221;][et_pb_row disabled_on=&#8221;off|off|off&#8221; _builder_version=&#8221;4.19.0&#8243; _module_preset=&#8221;default&#8221; width=&#8221;100%&#8221; module_alignment=&#8221;center&#8221; global_colors_info=&#8221;{}&#8221;][et_pb_column type=&#8221;4_4&#8243; _builder_version=&#8221;4.19.0&#8243; _module_preset=&#8221;default&#8221; global_colors_info=&#8221;{}&#8221;][et_pb_text _builder_version=&#8221;4.19.0&#8243; _module_preset=&#8221;default&#8221; text_font=&#8221;Calibri||||||||&#8221; text_text_color=&#8221;#FFFFFF&#8221; text_font_size=&#8221;25px&#8221; text_line_height=&#8221;1.1em&#8221; text_orientation=&#8221;center&#8221; custom_padding=&#8221;|15px||15px|false|false&#8221; global_colors_info=&#8221;{}&#8221;]<\/p>\n<p style=\"text-align: center\">Seja bem vindo (a) ao Painel de Dados do Cooperativismo Financeiro!<\/p>\n<p style=\"text-align: center\">Acesse, gratuitamente, o painel do BureauCoop! Basta inserir seu nome e seu e-mail e acessar:<\/p>\n<p>[\/et_pb_text][et_pb_code disabled_on=&#8221;off|off|off&#8221; _builder_version=&#8221;4.24.0&#8243; _module_preset=&#8221;default&#8221; max_width=&#8221;50%&#8221; module_alignment=&#8221;center&#8221; custom_margin=&#8221;0px|-100px||-100px|false|false&#8221; custom_padding=&#8221;||10px||false|false&#8221; hover_enabled=&#8221;0&#8243; global_colors_info=&#8221;{}&#8221; sticky_enabled=&#8221;0&#8243;]<\/p>\n<div role=\"main\" id=\"formulario-bureaucoop-novo-site-2153afe72b93447409a0\"><\/div>\n<p>[\/et_pb_code][\/et_pb_column][\/et_pb_row][et_pb_row column_structure=&#8221;1_2,1_2&#8243; _builder_version=&#8221;4.19.0&#8243; _module_preset=&#8221;default&#8221; module_alignment=&#8221;center&#8221; custom_padding=&#8221;3px||16px|||&#8221; global_colors_info=&#8221;{}&#8221;][et_pb_column type=&#8221;1_2&#8243; _builder_version=&#8221;4.19.0&#8243; _module_preset=&#8221;default&#8221; global_colors_info=&#8221;{}&#8221;][et_pb_image src=&#8221;https:\/\/bureau.coop.br\/wp-content\/uploads\/sites\/4\/2022\/11\/confebras-branca.png&#8221; title_text=&#8221;confebras branca&#8221; url=&#8221;https:\/\/www.confebras.coop.br\/&#8221; url_new_window=&#8221;on&#8221; align=&#8221;center&#8221; _builder_version=&#8221;4.19.0&#8243; _module_preset=&#8221;default&#8221; width=&#8221;100%&#8221; max_width=&#8221;50%&#8221; module_alignment=&#8221;center&#8221; global_colors_info=&#8221;{}&#8221;][\/et_pb_image][\/et_pb_column][et_pb_column type=&#8221;1_2&#8243; _builder_version=&#8221;4.19.0&#8243; _module_preset=&#8221;default&#8221; global_colors_info=&#8221;{}&#8221;][et_pb_image src=&#8221;https:\/\/bureau.coop.br\/wp-content\/uploads\/sites\/4\/2022\/12\/BureauCoop-White.png&#8221; title_text=&#8221;BureauCoop-White&#8221; align=&#8221;center&#8221; _builder_version=&#8221;4.19.0&#8243; _module_preset=&#8221;default&#8221; max_width=&#8221;60%&#8221; module_alignment=&#8221;center&#8221; global_colors_info=&#8221;{}&#8221;][\/et_pb_image][\/et_pb_column][\/et_pb_row][et_pb_row use_custom_gutter=&#8221;on&#8221; gutter_width=&#8221;1&#8243; _builder_version=&#8221;4.19.0&#8243; _module_preset=&#8221;default&#8221; max_width=&#8221;2560px&#8221; custom_margin=&#8221;-9px|auto|-9px|auto|false|false&#8221; custom_padding=&#8221;0px||0px|||&#8221; locked=&#8221;off&#8221; global_colors_info=&#8221;{}&#8221;][et_pb_column type=&#8221;4_4&#8243; _builder_version=&#8221;4.19.0&#8243; _module_preset=&#8221;default&#8221; global_colors_info=&#8221;{}&#8221;][et_pb_text _builder_version=&#8221;4.19.0&#8243; _module_preset=&#8221;default&#8221; custom_margin=&#8221;0px||||false|false&#8221; custom_padding=&#8221;11px||7px||false|false&#8221; global_colors_info=&#8221;{}&#8221;]<\/p>\n<p style=\"text-align: center\"><a href=\"https:\/\/www.instagram.com\/confebras\/?hl=pt-br\" target=\"_blank\" rel=\"noopener\"><img loading=\"lazy\" decoding=\"async\" src=\"https:\/\/bureau.coop.br\/wp-content\/uploads\/sites\/4\/2022\/11\/Insta.png\" width=\"40\" height=\"40\" alt=\"\" class=\"wp-image-1166 alignnone size-full\" srcset=\"https:\/\/bureau.coop.br\/wp-content\/uploads\/sites\/4\/2022\/11\/Insta.png 161w, https:\/\/bureau.coop.br\/wp-content\/uploads\/sites\/4\/2022\/11\/Insta-150x150.png 150w\" sizes=\"auto, (max-width: 40px) 100vw, 40px\" \/><\/a> \u00a0<a href=\"https:\/\/www.linkedin.com\/company\/confebras\/?originalSubdomain=br\" target=\"_blank\" rel=\"noopener\"><img loading=\"lazy\" decoding=\"async\" src=\"https:\/\/bureau.coop.br\/wp-content\/uploads\/sites\/4\/2022\/11\/in.png\" width=\"40\" height=\"40\" alt=\"\" class=\"wp-image-1165 alignnone size-full\" srcset=\"https:\/\/bureau.coop.br\/wp-content\/uploads\/sites\/4\/2022\/11\/in.png 161w, https:\/\/bureau.coop.br\/wp-content\/uploads\/sites\/4\/2022\/11\/in-150x150.png 150w\" sizes=\"auto, (max-width: 40px) 100vw, 40px\" \/><\/a> \u00a0<a href=\"https:\/\/www.youtube.com\/confebras\" target=\"_blank\" rel=\"noopener\"><img loading=\"lazy\" decoding=\"async\" src=\"https:\/\/bureau.coop.br\/wp-content\/uploads\/sites\/4\/2022\/11\/YouTube.png\" width=\"40\" height=\"40\" alt=\"\" class=\"wp-image-1168 alignnone size-full\" srcset=\"https:\/\/bureau.coop.br\/wp-content\/uploads\/sites\/4\/2022\/11\/YouTube.png 160w, https:\/\/bureau.coop.br\/wp-content\/uploads\/sites\/4\/2022\/11\/YouTube-150x150.png 150w\" sizes=\"auto, (max-width: 40px) 100vw, 40px\" \/><\/a> \u00a0<a href=\"https:\/\/www.facebook.com\/confebras\" target=\"_blank\" rel=\"noopener\"><img loading=\"lazy\" decoding=\"async\" src=\"https:\/\/bureau.coop.br\/wp-content\/uploads\/sites\/4\/2022\/11\/face.png\" width=\"40\" height=\"40\" alt=\"\" class=\"wp-image-1164 alignnone size-full\" srcset=\"https:\/\/bureau.coop.br\/wp-content\/uploads\/sites\/4\/2022\/11\/face.png 161w, https:\/\/bureau.coop.br\/wp-content\/uploads\/sites\/4\/2022\/11\/face-150x150.png 150w\" sizes=\"auto, (max-width: 40px) 100vw, 40px\" \/><\/a> \u00a0<a href=\"https:\/\/www.twitter.com\/confebras\" target=\"_blank\" rel=\"noopener\"><img loading=\"lazy\" decoding=\"async\" src=\"https:\/\/bureau.coop.br\/wp-content\/uploads\/sites\/4\/2022\/11\/twitter.png\" width=\"40\" height=\"40\" alt=\"\" class=\"wp-image-1167 alignnone size-full\" srcset=\"https:\/\/bureau.coop.br\/wp-content\/uploads\/sites\/4\/2022\/11\/twitter.png 160w, https:\/\/bureau.coop.br\/wp-content\/uploads\/sites\/4\/2022\/11\/twitter-150x150.png 150w\" sizes=\"auto, (max-width: 40px) 100vw, 40px\" \/><\/a><\/p>\n<p>[\/et_pb_text][et_pb_text _builder_version=&#8221;4.19.0&#8243; _module_preset=&#8221;default&#8221; text_font=&#8221;Calibri||||||||&#8221; text_text_color=&#8221;rgba(255,255,255,0.54)&#8221; text_font_size=&#8221;16px&#8221; text_line_height=&#8221;1em&#8221; text_orientation=&#8221;center&#8221; global_colors_info=&#8221;{}&#8221;]<\/p>\n<p><span style=\"color: #ffffff\">O BureauCoop \u00e9 um produto da Confebras &#8211; Confedera\u00e7\u00e3o Brasileira das Cooperativas de Cr\u00e9dito.<\/span><\/p>\n<p><span style=\"color: #ffffff\">bureaucoop@confebras.coop.br\u00a0 |\u00a0 +55 61 3035-0957\u00a0 |\u00a0 www.confebras.coop.br<\/span><\/p>\n<p>[\/et_pb_text][\/et_pb_column][\/et_pb_row][\/et_pb_section]<\/p>\n","protected":false},"excerpt":{"rendered":"<p>Seja bem vindo (a) ao Painel de Dados do Cooperativismo Financeiro! Acesse, gratuitamente, o painel do BureauCoop! Basta inserir seu nome e seu e-mail e acessar: \u00a0 \u00a0 \u00a0 \u00a0O BureauCoop \u00e9 um produto da Confebras &#8211; Confedera\u00e7\u00e3o Brasileira das Cooperativas de Cr\u00e9dito. bureaucoop@confebras.coop.br\u00a0 |\u00a0 +55 61 3035-0957\u00a0 |\u00a0 www.confebras.coop.br<\/p>\n","protected":false},"author":65,"featured_media":0,"parent":0,"menu_order":0,"comment_status":"closed","ping_status":"closed","template":"","meta":{"_et_pb_use_builder":"on","_et_pb_old_content":"","_et_gb_content_width":"","footnotes":""},"class_list":["post-1025","page","type-page","status-publish","hentry"],"_links":{"self":[{"href":"https:\/\/bureau.coop.br\/index.php\/wp-json\/wp\/v2\/pages\/1025","targetHints":{"allow":["GET"]}}],"collection":[{"href":"https:\/\/bureau.coop.br\/index.php\/wp-json\/wp\/v2\/pages"}],"about":[{"href":"https:\/\/bureau.coop.br\/index.php\/wp-json\/wp\/v2\/types\/page"}],"author":[{"embeddable":true,"href":"https:\/\/bureau.coop.br\/index.php\/wp-json\/wp\/v2\/users\/65"}],"replies":[{"embeddable":true,"href":"https:\/\/bureau.coop.br\/index.php\/wp-json\/wp\/v2\/comments?post=1025"}],"version-history":[{"count":4,"href":"https:\/\/bureau.coop.br\/index.php\/wp-json\/wp\/v2\/pages\/1025\/revisions"}],"predecessor-version":[{"id":2472,"href":"https:\/\/bureau.coop.br\/index.php\/wp-json\/wp\/v2\/pages\/1025\/revisions\/2472"}],"wp:attachment":[{"href":"https:\/\/bureau.coop.br\/index.php\/wp-json\/wp\/v2\/media?parent=1025"}],"curies":[{"name":"wp","href":"https:\/\/api.w.org\/{rel}","templated":true}]}}